{"id":1941,"date":"2022-06-21T09:55:59","date_gmt":"2022-06-21T07:55:59","guid":{"rendered":"https:\/\/fulginicontract.com\/?page_id=1941"},"modified":"2022-11-23T11:42:12","modified_gmt":"2022-11-23T10:42:12","slug":"privacy-cookie-policy","status":"publish","type":"page","link":"https:\/\/fulginicontract.com\/it\/privacy-cookie-policy\/","title":{"rendered":"Privacy &#038; Cookie Policy"},"content":{"rendered":"[vc_row type=&#8221;in_container&#8221; full_screen_row_position=&#8221;middle&#8221; column_margin=&#8221;default&#8221; column_direction=&#8221;default&#8221; column_direction_tablet=&#8221;default&#8221; column_direction_phone=&#8221;default&#8221; scene_position=&#8221;center&#8221; text_color=&#8221;dark&#8221; text_align=&#8221;left&#8221; row_border_radius=&#8221;none&#8221; row_border_radius_applies=&#8221;bg&#8221; overlay_strength=&#8221;0.3&#8243; gradient_direction=&#8221;left_to_right&#8221; shape_divider_position=&#8221;bottom&#8221; bg_image_animation=&#8221;none&#8221;][vc_column column_padding=&#8221;no-extra-padding&#8221; column_padding_tablet=&#8221;inherit&#8221; column_padding_phone=&#8221;inherit&#8221; column_padding_position=&#8221;all&#8221; background_color_opacity=&#8221;1&#8243; background_hover_color_opacity=&#8221;1&#8243; column_shadow=&#8221;none&#8221; column_border_radius=&#8221;none&#8221; column_link_target=&#8221;_self&#8221; gradient_direction=&#8221;left_to_right&#8221; overlay_strength=&#8221;0.3&#8243; width=&#8221;1\/6&#8243; tablet_width_inherit=&#8221;default&#8221; tablet_text_alignment=&#8221;default&#8221; phone_text_alignment=&#8221;default&#8221; column_border_width=&#8221;none&#8221; column_border_style=&#8221;solid&#8221; bg_image_animation=&#8221;none&#8221;][\/vc_column][vc_column column_padding=&#8221;no-extra-padding&#8221; column_padding_tablet=&#8221;inherit&#8221; column_padding_phone=&#8221;inherit&#8221; column_padding_position=&#8221;all&#8221; background_color_opacity=&#8221;1&#8243; background_hover_color_opacity=&#8221;1&#8243; column_shadow=&#8221;none&#8221; column_border_radius=&#8221;none&#8221; column_link_target=&#8221;_self&#8221; gradient_direction=&#8221;left_to_right&#8221; overlay_strength=&#8221;0.3&#8243; width=&#8221;2\/3&#8243; tablet_width_inherit=&#8221;default&#8221; tablet_text_alignment=&#8221;default&#8221; phone_text_alignment=&#8221;default&#8221; column_border_width=&#8221;none&#8221; column_border_style=&#8221;solid&#8221; bg_image_animation=&#8221;none&#8221;][divider line_type=&#8221;No Line&#8221; custom_height=&#8221;40&#8243; custom_height_tablet=&#8221;20&#8243; custom_height_phone=&#8221;20&#8243;][vc_column_text]\n<h1>PRIVACY POLICY DI QUESTO SITO<\/h1>\n[\/vc_column_text][divider line_type=&#8221;No Line&#8221; custom_height=&#8221;40&#8243;][vc_column_text]<strong><em>Titolare del trattamento<\/em><\/strong><\/p>\n<p>Il titolare dei dati raccolti tramite il sito\u00a0<a href=\"https:\/\/fulginicontract.com\/it\/\"><strong>www.fulginicontract.com\/it\/<\/strong><\/a>\u00a0\u00e8 Fulgini Contract Srl con sede legale in Vallefoglia (PU), via Marche n. 40, CAP 61022, Italia, P.IVA 02676740414.<\/p>\n<p>&nbsp;<\/p>\n<p><strong><em>Responsabile del trattamento<\/em><\/strong><\/p>\n<p>I trattamenti connessi ai servizi web di questo sito hanno luogo presso la predetta sede della Fulgini Contract Srl e sono curati solo da personale autorizzato al trattamento.<\/p>\n<p>&nbsp;<\/p>\n<p><strong><em>Modalit\u00e0 di trattamento<\/em><\/strong><\/p>\n<p>Il trattamento dei Dati sar\u00e0 improntato ai principi di correttezza, liceit\u00e0 e trasparenza e potr\u00e0 essere effettuato anche attraverso modalit\u00e0 automatizzate atte a memorizzarli, gestirli e trasmetterli ed avverr\u00e0 mediante strumenti idonei, per quanto di ragione e allo stato della tecnica, a garantire la sicurezza e la riservatezza tramite l\u2019utilizzo di idonee procedure che evitino il rischio di perdita, accesso non autorizzato, uso illecito e diffusione.<\/p>\n<p>&nbsp;<\/p>\n<p><strong><em>Richieste generali<\/em><\/strong><\/p>\n<p>Se un utente contattasse Fulgini Contract Srl con una richiesta, l\u2019utente potrebbe dover fornire ad Fulgini Contract Srl informazioni personali (ad esempio i dettagli di contatto). Fulgini Contract Srl utilizzer\u00e0 queste informazioni personali per rispondere alle richieste e tenere traccia di ulteriore corrispondenza. Le informazioni, previo consenso espresso, possono anche essere utilizzate per scopi di marketing e per compilare statistiche sulla gestione della risposta, ecc.<\/p>\n<p>&nbsp;<\/p>\n<p><strong><em>Sottoscrizioni<\/em><\/strong><\/p>\n<p>Se un utente desidera iscriversi a informazioni rese da Fulgini Contract Srl, quali newsletter, rassegne, etc, Fulgini Contract Srl chiede un indirizzo email e altre informazioni, pertinenti e necessarie a soddisfare la richiesta e, previo consenso, utilizzer\u00e0 questo indirizzo e-mail e le altre informazioni raccolte per soddisfare le richieste.<br \/>\nGli utenti possono disiscriversi da qualsiasi servizio cui hanno aderito in qualsiasi momento inviando la richiesta all\u2019indirizzo\u00a0<a href=\"mailto:privacy@arredoclassic.com\">privacy@arredoclassic.com<\/a><br \/>\nLa revoca del consenso non pregiudica la liceit\u00e0 del trattamento basata sul consenso prima della revoca.<\/p>\n<p>&nbsp;<\/p>\n<p><strong><em>Marketing<\/em><\/strong><\/p>\n<p>Fulgini Contract Srl, previo consenso dell\u2019interessato, pu\u00f2 utilizzare le informazioni raccolte dagli utenti, per scopi di vendita e marketing, incluso l\u2019e-mail marketing. Pu\u00f2 combinare queste informazioni con dati ottenuti da altre fonti per aiutare Fulgini Contract Srl a migliorare la sua accuratezza e completezza e personalizzazione nella interazione con gli utenti. Gli utenti possono scegliere di non ricevere materiale di marketing seguendo le istruzioni di cancellazione incluse in ciascuna e-mail.<\/p>\n<p>&nbsp;<\/p>\n<p><strong><em>Link esterno<\/em><\/strong><\/p>\n<p>Questo sito pu\u00f2 contenere collegamenti ad altri siti e Fulgini Contract Srl non \u00e8 responsabile per le politiche sulla privacy o le pratiche di tali altri siti. Questa politica sulla privacy si applica esclusivamente alle informazioni raccolte da questo sito.<br \/>\nAltre societ\u00e0 o siti Web che rimandano a questo sito o siti web cui rimanda questo sito possono avere le proprie politiche sulla privacy. Pertanto, invitiamo a leggere l\u2019informativa sulla privacy di ciascuno dei siti Web visitati o recensiti.<\/p>\n<p>&nbsp;<\/p>\n<p><strong><em>Cookies<\/em><\/strong><\/p>\n<p>I sistemi informatici e le procedure software preposte al funzionamento di questo sito web acquisiscono, nel corso del loro normale esercizio, alcuni dati personali la cui trasmissione \u00e8 implicita nell\u2019uso dei protocolli di comunicazione di Internet. Si tratta di informazioni che non sono raccolte per essere associate a interessati identificati, ma che per loro stessa natura potrebbero, attraverso elaborazioni ed associazioni con dati detenuti da terzi, permettere di identificare gli utenti. In questa categoria di dati rientrano gli indirizzi IP o i nomi a dominio dei computer utilizzati dagli utenti che si connettono al sito, gli indirizzi in notazione URI (Uniform Resource Identifier) delle risorse richieste, l\u2019orario della richiesta, il metodo utilizzato nel sottoporre la richiesta al server, la dimensione del file ottenuto in risposta, il codice numerico indicante lo stato della risposta data dal server (buon fine, errore, ecc.) ed altri parametri relativi al sistema operativo e all\u2019ambiente informatico dell\u2019utente.<br \/>\nL\u2019invio facoltativo, esplicito e volontario di posta elettronica agli indirizzi indicati su questo sito e\/o la compilazione di form di raccolta dati, comporta la successiva acquisizione dell\u2019indirizzo del mittente, necessario per rispondere alle richieste, nonch\u00e9 degli eventuali altri dati personali inseriti.<\/p>\n<p>&nbsp;<\/p>\n<p><strong><em>Modifiche alla politica sulla privacy di Fulgini Contract Srl<\/em><\/strong><\/p>\n<p>Fulgini Contract Srl pu\u00f2, di volta in volta, apportare modifiche a questa politica. Si raccomanda agli utenti di questo sito di controllare ciclicamente la presente informativa sulla privacy per conoscere nuove pratiche o modifiche alla stessa.<\/p>\n<p>&nbsp;<\/p>\n<p><strong><em>I Suoi diritti<\/em><\/strong><\/p>\n<p>Relativamente ai dati personali trattati da Fulgini Contract Srl, Lei pu\u00f2 esercitare i diritti previsti dal Capo III del Regolamento UE 2016\/679 nei limiti ed alle condizioni previste del citato regolamento.<br \/>\nIn caso di sottoscrizione di una qualsiasi forma di consenso al trattamento dei Suoi dati richiesto da Fulgini Contract Srl, si fa presente che Lei pu\u00f2 revocarlo in qualsiasi momento, fatti salvi gli adempimenti obbligatori previsti dalla normativa vigente al momento della richiesta di revoca, contattando il Titolare del trattamento ai recapiti di seguito riportati. La revoca del consenso non pregiudica la liceit\u00e0 del trattamento basata sul consenso prima della Sua revoca.<\/p>\n<p>&nbsp;<\/p>\n<p><strong><em>Come contattare Fulgini Contract Srl per questa politica sulla privacy di Internet<\/em><\/strong><\/p>\n<p>Per domande, dubbi o reclami sulla politica di Fulgini Contract Srl relativa alla privacy, gli utenti possono inviare una mail all\u2019indirizzo\u00a0<a href=\"mailto:privacy@arredoclassic.com\">privacy@arredoclassic.com<\/a><\/p>\n<p>&nbsp;<\/p>\n<p><strong><em>Diritto di reclamo<\/em><\/strong><\/p>\n<p>Gli interessati che ritengono che il trattamento dei dati personali a loro riferiti effettuato attraverso questo sito avvenga in violazione di quanto previsto dal Regolamento hanno il diritto di proporre reclamo al Garante, come previsto dall\u2019art. 77 del Regolamento stesso, o di adire le opportune sedi giudiziarie (art. 79 del Regolamento).[\/vc_column_text][\/vc_column][vc_column column_padding=&#8221;no-extra-padding&#8221; column_padding_tablet=&#8221;inherit&#8221; column_padding_phone=&#8221;inherit&#8221; column_padding_position=&#8221;all&#8221; background_color_opacity=&#8221;1&#8243; background_hover_color_opacity=&#8221;1&#8243; column_shadow=&#8221;none&#8221; column_border_radius=&#8221;none&#8221; column_link_target=&#8221;_self&#8221; gradient_direction=&#8221;left_to_right&#8221; overlay_strength=&#8221;0.3&#8243; width=&#8221;1\/6&#8243; tablet_width_inherit=&#8221;default&#8221; tablet_text_alignment=&#8221;default&#8221; phone_text_alignment=&#8221;default&#8221; column_border_width=&#8221;none&#8221; column_border_style=&#8221;solid&#8221; bg_image_animation=&#8221;none&#8221;][\/vc_column][\/vc_row][vc_row type=&#8221;in_container&#8221; full_screen_row_position=&#8221;middle&#8221; column_margin=&#8221;default&#8221; column_direction=&#8221;default&#8221; column_direction_tablet=&#8221;default&#8221; column_direction_phone=&#8221;default&#8221; scene_position=&#8221;center&#8221; text_color=&#8221;dark&#8221; text_align=&#8221;left&#8221; row_border_radius=&#8221;none&#8221; row_border_radius_applies=&#8221;bg&#8221; id=&#8221;cookie-policy&#8221; overlay_strength=&#8221;0.3&#8243; gradient_direction=&#8221;left_to_right&#8221; shape_divider_position=&#8221;bottom&#8221; bg_image_animation=&#8221;none&#8221; shape_type=&#8221;&#8221;][vc_column column_padding=&#8221;no-extra-padding&#8221; column_padding_tablet=&#8221;inherit&#8221; column_padding_phone=&#8221;inherit&#8221; column_padding_position=&#8221;all&#8221; background_color_opacity=&#8221;1&#8243; background_hover_color_opacity=&#8221;1&#8243; column_shadow=&#8221;none&#8221; column_border_radius=&#8221;none&#8221; column_link_target=&#8221;_self&#8221; gradient_direction=&#8221;left_to_right&#8221; overlay_strength=&#8221;0.3&#8243; width=&#8221;1\/6&#8243; tablet_width_inherit=&#8221;default&#8221; tablet_text_alignment=&#8221;default&#8221; phone_text_alignment=&#8221;default&#8221; column_border_width=&#8221;none&#8221; column_border_style=&#8221;solid&#8221; bg_image_animation=&#8221;none&#8221;][\/vc_column][vc_column column_padding=&#8221;no-extra-padding&#8221; column_padding_tablet=&#8221;inherit&#8221; column_padding_phone=&#8221;inherit&#8221; column_padding_position=&#8221;all&#8221; background_color_opacity=&#8221;1&#8243; background_hover_color_opacity=&#8221;1&#8243; column_shadow=&#8221;none&#8221; column_border_radius=&#8221;none&#8221; column_link_target=&#8221;_self&#8221; gradient_direction=&#8221;left_to_right&#8221; overlay_strength=&#8221;0.3&#8243; width=&#8221;2\/3&#8243; tablet_width_inherit=&#8221;default&#8221; tablet_text_alignment=&#8221;default&#8221; phone_text_alignment=&#8221;default&#8221; column_border_width=&#8221;none&#8221; column_border_style=&#8221;solid&#8221; bg_image_animation=&#8221;none&#8221;][divider line_type=&#8221;No Line&#8221; custom_height=&#8221;60&#8243; custom_height_tablet=&#8221;20&#8243; custom_height_phone=&#8221;20&#8243;][vc_column_text]\n<h1>COOKIE POLICY DI QUESTO SITO<\/h1>\n[\/vc_column_text][divider line_type=&#8221;No Line&#8221; custom_height=&#8221;40&#8243;][vc_raw_html]JTNDc2NyaXB0JTIwaWQlM0QlMjJDb29raWVEZWNsYXJhdGlvbiUyMiUyMHNyYyUzRCUyMmh0dHBzJTNBJTJGJTJGY29uc2VudC5jb29raWVib3QuY29tJTJGM2VjOGRkOWItODczNC00ZjdkLWJlN2MtOGRiNWRmY2MzZjFmJTJGY2QuanMlMjIlMjB0eXBlJTNEJTIydGV4dCUyRmphdmFzY3JpcHQlMjIlMjBhc3luYyUzRSUzQyUyRnNjcmlwdCUzRQ==[\/vc_raw_html][\/vc_column][vc_column column_padding=&#8221;no-extra-padding&#8221; column_padding_tablet=&#8221;inherit&#8221; column_padding_phone=&#8221;inherit&#8221; column_padding_position=&#8221;all&#8221; background_color_opacity=&#8221;1&#8243; background_hover_color_opacity=&#8221;1&#8243; column_shadow=&#8221;none&#8221; column_border_radius=&#8221;none&#8221; column_link_target=&#8221;_self&#8221; gradient_direction=&#8221;left_to_right&#8221; overlay_strength=&#8221;0.3&#8243; width=&#8221;1\/6&#8243; tablet_width_inherit=&#8221;default&#8221; tablet_text_alignment=&#8221;default&#8221; phone_text_alignment=&#8221;default&#8221; column_border_width=&#8221;none&#8221; column_border_style=&#8221;solid&#8221; bg_image_animation=&#8221;none&#8221;][\/vc_column][\/vc_row]\n","protected":false},"excerpt":{"rendered":"<p>[vc_row type=&#8221;in_container&#8221; full_screen_row_position=&#8221;middle&#8221; column_margin=&#8221;default&#8221; column_direction=&#8221;default&#8221; column_direction_tablet=&#8221;default&#8221; column_direction_phone=&#8221;default&#8221; scene_position=&#8221;center&#8221; text_color=&#8221;dark&#8221; text_align=&#8221;left&#8221; row_border_radius=&#8221;none&#8221; row_border_radius_applies=&#8221;bg&#8221; overlay_strength=&#8221;0.3&#8243; gradient_direction=&#8221;left_to_right&#8221; shape_divider_position=&#8221;bottom&#8221; bg_image_animation=&#8221;none&#8221;][vc_column column_padding=&#8221;no-extra-padding&#8221; column_padding_tablet=&#8221;inherit&#8221; column_padding_phone=&#8221;inherit&#8221; column_padding_position=&#8221;all&#8221; background_color_opacity=&#8221;1&#8243; background_hover_color_opacity=&#8221;1&#8243; column_shadow=&#8221;none&#8221; column_border_radius=&#8221;none&#8221; column_link_target=&#8221;_self&#8221; gradient_direction=&#8221;left_to_right&#8221; overlay_strength=&#8221;0.3&#8243; width=&#8221;1\/6&#8243; tablet_width_inherit=&#8221;default&#8221; tablet_text_alignment=&#8221;default&#8221;&#8230;<\/p>\n","protected":false},"author":3,"featured_media":0,"parent":0,"menu_order":0,"comment_status":"closed","ping_status":"closed","template":"","meta":{"footnotes":""},"class_list":["post-1941","page","type-page","status-publish"],"_links":{"self":[{"href":"https:\/\/fulginicontract.com\/it\/wp-json\/wp\/v2\/pages\/1941","targetHints":{"allow":["GET"]}}],"collection":[{"href":"https:\/\/fulginicontract.com\/it\/wp-json\/wp\/v2\/pages"}],"about":[{"href":"https:\/\/fulginicontract.com\/it\/wp-json\/wp\/v2\/types\/page"}],"author":[{"embeddable":true,"href":"https:\/\/fulginicontract.com\/it\/wp-json\/wp\/v2\/users\/3"}],"replies":[{"embeddable":true,"href":"https:\/\/fulginicontract.com\/it\/wp-json\/wp\/v2\/comments?post=1941"}],"version-history":[{"count":11,"href":"https:\/\/fulginicontract.com\/it\/wp-json\/wp\/v2\/pages\/1941\/revisions"}],"predecessor-version":[{"id":2251,"href":"https:\/\/fulginicontract.com\/it\/wp-json\/wp\/v2\/pages\/1941\/revisions\/2251"}],"wp:attachment":[{"href":"https:\/\/fulginicontract.com\/it\/wp-json\/wp\/v2\/media?parent=1941"}],"curies":[{"name":"wp","href":"https:\/\/api.w.org\/{rel}","templated":true}]}}